{"id":46546,"date":"2020-11-16T12:12:29","date_gmt":"2020-11-16T16:12:29","guid":{"rendered":"http:\/\/lagosmayoristas.brainit.cl\/?page_id=46546"},"modified":"2020-11-16T13:50:56","modified_gmt":"2020-11-16T17:50:56","slug":"bases-legales-aqui-esta-el-negocio-san-bernardo","status":"publish","type":"page","link":"https:\/\/lagosmayorista.cl\/sitio2018\/bases-legales-aqui-esta-el-negocio-san-bernardo\/","title":{"rendered":"Bases legales Aqu\u00ed est\u00e1 el negocio San Bernardo"},"content":{"rendered":"<p>[et_pb_section fb_built=\u00bb1&#8243; prev_background_color=\u00bb#000000&#8243; next_background_color=\u00bb#000000&#8243; _builder_version=\u00bb3.10.1&#8243; custom_padding=\u00bb70px|0px|70px|0px|true|false\u00bb][et_pb_row custom_padding=\u00bb9px|0px|14px|0px|false|false\u00bb disabled_on=\u00bboff||\u00bb _builder_version=\u00bb3.10.1&#8243;][et_pb_column type=\u00bb4_4&#8243; _builder_version=\u00bb3.0.47&#8243;][et_pb_text disabled_on=\u00bboff||\u00bb _builder_version=\u00bb3.10.1&#8243; text_font=\u00bbRoboto|700|||||||\u00bb text_text_color=\u00bb#000000&#8243; text_font_size=\u00bb60pt\u00bb header_font=\u00bbRoboto|700|||||||\u00bb header_text_align=\u00bbcenter\u00bb header_text_color=\u00bb#000000&#8243; header_font_size=\u00bb60pt\u00bb header_2_text_color=\u00bb#000000&#8243; text_orientation=\u00bbcenter\u00bb saved_tabs=\u00bball\u00bb]<\/p>\n<h2><span style=\"color: #203f86;\">\u00a1\u00a1AQU\u00cd ESTA EL NEGOCIO!!<br \/>\nConcurso exclusivo en punto de venta.<\/span><\/h2>\n<p>[\/et_pb_text][et_pb_text disabled_on=\u00bboff||\u00bb _builder_version=\u00bb3.10.1&#8243; text_text_color=\u00bb#000000&#8243; header_text_align=\u00bbleft\u00bb header_text_color=\u00bb#000000&#8243; header_2_text_color=\u00bb#000000&#8243;]<\/p>\n<p><span style=\"color: #3f3f3f;\">16 DE NOVIEMBRE al 15 de DICIEMBRE\u00b7\u00a0P\u00daBLICO<br \/><\/span><\/p>\n<p><span style=\"color: #3f3f3f;\"><strong>OBJETIVO<\/strong><br \/>LAGOS MAYORISTA San Bernardo desarrolla una din\u00e1mica en su punto de venta con el objetivo de sortear semanalmente PALLETS \u2013 KIT FERIAS COLGATE de regalo.<br \/><\/span><\/p>\n<p><span style=\"color: #3f3f3f;\"><strong><\/strong><\/span><\/p>\n<p><span style=\"color: #3f3f3f;\"><strong>MEC\u00c1NICA DEL CONCURSO<\/strong><br \/>Por cada $200.000 en compras de cualquier producto de Lagos Mayorista, exige t\u00fa cup\u00f3n y participa por el sorteo semanal de incre\u00edbles premios<br \/><\/span><\/p>\n<p><span style=\"color: #3f3f3f;\"><\/span><\/p>\n<p><span style=\"color: #3f3f3f;\"><strong>REGALOS DEL CONCURSO<\/strong><br \/>Los regalos por entregar de forma semanal se dividen en 6 categor\u00edas a explicar a continuaci\u00f3n:<\/span><\/p>\n<p>[\/et_pb_text][\/et_pb_column][\/et_pb_row][et_pb_row custom_padding=\u00bb26.9px|0px|0|0px|false|false\u00bb disabled_on=\u00bboff||\u00bb _builder_version=\u00bb3.10.1&#8243;][et_pb_column type=\u00bb4_4&#8243; _builder_version=\u00bb3.0.47&#8243;][et_pb_text disabled_on=\u00bboff||\u00bb _builder_version=\u00bb3.10.1&#8243; text_text_color=\u00bb#000000&#8243; header_text_align=\u00bbleft\u00bb header_text_color=\u00bb#000000&#8243; header_2_text_color=\u00bb#000000&#8243;]<\/p>\n<p>PREMIOS SEMANALES<\/p>\n<ul>\n<li>1 pallet de Tintura Nutrisse Cor Intensa.<\/li>\n<li>1 pallet de desodorante Nivea Variedades.<\/li>\n<li>1 pallet de papel higi\u00e9nico Elite.<\/li>\n<li>1 pallet de lavalozas Fuzol.<\/li>\n<li>1 kit feria Colgate (Toldo + accesorios).<\/li>\n<li>1 kit feria Colgate (Toldo + accesorios).<\/li>\n<\/ul>\n<p><strong><\/strong><\/p>\n<p><strong>VIGENCIA DEL CONCURSO<\/strong><br \/>El concurso estar\u00e1 vigente desde el lunes 16 de Noviembre hasta el martes 15 de Diciembre del 2020 ambas fechas inclusive.<\/p>\n<p><strong><\/strong><\/p>\n<p><strong><\/strong><\/p>\n<p><strong>PARTICIPANTES <\/strong><br \/>Podr\u00e1 participar en esta din\u00e1mica, toda persona natural, residentes o domiciliados en alguna de las regiones o lugares donde se encuentre LGM San Bernardo y que cumpla con los requisitos antes planteados en la descripci\u00f3n del concurso.<\/p>\n<p>Para conocer m\u00e1s informaci\u00f3n de nuestro local Lagos Mayorista, ingresa a nuestra web, y busca si existe uno cercano a ti: http:\/\/lagosmayoristas.brainit.cl<\/p>\n<p><strong><\/strong><\/p>\n<p><strong>FECHA DEL SORTEO Y MEC\u00c1NICA:<\/strong><br \/>Se desarrollar\u00e1n 4 sorteos, uno cada semana en las siguientes fechas.<\/p>\n<ul>\n<li>Primer sorteo viernes 20 de noviembre, a las 12 pm.<\/li>\n<li>Segundo sorteo viernes 27 de noviembre, a las 12 pm.<\/li>\n<li>Tercer sorteo viernes 04 de diciembre, a las 12 pm.<\/li>\n<li>Cuarto sorteo viernes 11 de diciembre, a las 12 pm.<\/li>\n<\/ul>\n<p>Los ganadores de cada sorteo ser\u00e1n seleccionados mediante el lanzamiento de los cupones al aire, el sorteo estar\u00e1 a cargo de cada Jefe de local.<\/p>\n<p>Existir\u00e1n 6 ganadores diferentes cada semana (total 24 ganadores) para cada una de las categor\u00edas y se decidir\u00e1n de la siguiente forma:<\/p>\n<ul>\n<li>Primer cup\u00f3n obtenido en el lanzamiento: Obtiene 1 pallet de Tintura Nutrisse Cor Intensa.<\/li>\n<li>Segundo cup\u00f3n obtenido en el lanzamiento: Obtiene 1 pallet de desodorante Nivea Variedades.<\/li>\n<li>Tercer cup\u00f3n obtenido en el lanzamiento: Obtiene 1 pallet de papel higi\u00e9nico Elite.<\/li>\n<li>Cuarto cup\u00f3n obtenido en el lanzamiento: Obtiene 1 pallet de lavalozas Fuzol.<\/li>\n<li>Quinto cup\u00f3n obtenido en el lanzamiento: Obtiene 1 kit feria Colgate (Toldo + accesorios).<\/li>\n<li>Sexto cup\u00f3n obtenido en el lanzamiento: Obtiene 1 kit feria Colgate (Toldo + accesorios).<\/li>\n<\/ul>\n<p>Los cupones no son acumulables semana a semana, cada semana la buzonera y el concurso comienzan desde 0.<\/p>\n<p>Los ganadores ser\u00e1n llamados por el jefe de cada local Lagos Mayorista y adem\u00e1s ser\u00e1n anunciados v\u00eda WhatsApp.<\/p>\n<p>Quienes resulten ganadores tendr\u00e1n un per\u00edodo de 10 d\u00edas h\u00e1biles para retirar el premio obtenido. Cumplido el plazo, si el ganador no reclama el premio obtenido este se declarar\u00e1 desierto.<\/p>\n<p><strong><\/strong><\/p>\n<p><strong><\/strong><\/p>\n<p><strong>PREMIO<\/strong><br \/>\u2022 Los clientes por cada compra de $200.000 pesos obtendr\u00e1n un cup\u00f3n f\u00edsico en el cual deber\u00e1n entregar sus datos personales: Nombre completo del participante, RUT, tel\u00e9fono y direcci\u00f3n.<br \/>\u2022 Para la entrega de premios, el jefe de local se contactar\u00e1 directamente con los ganadores con el fin de coordinar la entrega de estos.<\/p>\n<p>&nbsp;<\/p>\n<p><strong>RESTRICCIONES<\/strong><\/p>\n<ul>\n<li>Los participantes deben ser mayores de 18 a\u00f1os.<\/li>\n<li>Los ganadores no deben trabajar en Lagos Mayorista, Lagos Distribuidores o empresas relacionadas o agencias de publicidad relacionadas con la empresa, ni sus familiares directos.<\/li>\n<li>El premio puede ser recibido o retirado por otra persona, quien deber\u00e1 presentar los datos del ganador o ganadora, la copia del Rut del ganador por ambos lados, y un poder simple.<\/li>\n<li>El premio no puede ser cambiado por su equivalente en pesos, ni transferido a terceros.<\/li>\n<\/ul>\n<p>&nbsp;<\/p>\n<p><strong>DISPOSICIONES FINALES<\/strong><\/p>\n<ol>\n<li>La participaci\u00f3n en esta din\u00e1mica implica la aceptaci\u00f3n de sus condiciones y de lo establecido en las Reglas de Participaci\u00f3n.<\/li>\n<li>La persona solo puede acceder a 1 solo premio, es decir que si compra todas las semanas s\u00f3lo podr\u00e1 ganar en 1 de ellos, aunque su participaci\u00f3n ser\u00e1 tomada en consideraci\u00f3n para todos los sorteos.<\/li>\n<li>Los ganadores autorizan a la Empresa Lagos Mayorista, (sin derecho a indemnizaci\u00f3n alguna), a utilizar su nombre e imagen para comunicar resultado del concurso conforme a lo estipulado en estas bases, ya sea en sitio web, o material audiovisual si fuese necesario.<\/li>\n<\/ol>\n<p><span style=\"color: #ababab;\">\u00a0<\/span><\/p>\n<p>[\/et_pb_text][\/et_pb_column][\/et_pb_row][\/et_pb_section][et_pb_section fb_built=\u00bb1&#8243; prev_background_color=\u00bb#ffffff\u00bb _builder_version=\u00bb3.10.1&#8243; background_color=\u00bb#ed8e2a\u00bb background_image=\u00bbhttps:\/\/lagosmayorista.cl\/sitio2018\/wp-content\/uploads\/2018\/07\/suscribete_bg.jpg\u00bb custom_padding=\u00bb30px|0px|30px|0px|true|false\u00bb global_module=\u00bb45014&#8243;][et_pb_row custom_padding=\u00bb40px|25px|40px|25px\u00bb custom_margin=\u00bb30px||30px|\u00bb padding_top_2=\u00bb20px\u00bb padding_right_1=\u00bb0px\u00bb padding_left_2=\u00bb0px\u00bb disabled_on=\u00bbon|off|off\u00bb _builder_version=\u00bb3.10.1&#8243; background_color=\u00bb#ea7f19&#8243; border_radii=\u00bbon|5px|5px|5px|5px\u00bb module_alignment=\u00bbcenter\u00bb][et_pb_column type=\u00bb1_2&#8243; _builder_version=\u00bb3.0.47&#8243;][et_pb_text _builder_version=\u00bb3.10.1&#8243; text_font=\u00bbRoboto||||||||\u00bb header_font=\u00bbRoboto|900|||||||\u00bb header_text_color=\u00bb#ffffff\u00bb header_font_size=\u00bb35px\u00bb header_font_size_tablet=\u00bb40px\u00bb header_font_size_last_edited=\u00bboff|desktop\u00bb header_letter_spacing=\u00bb1px\u00bb header_line_height=\u00bb1.3em\u00bb header_2_font=\u00bbRoboto|700|||||||\u00bb header_2_text_align=\u00bbcenter\u00bb header_2_font_size=\u00bb30px\u00bb header_2_letter_spacing=\u00bb1px\u00bb header_2_line_height=\u00bb1.1em\u00bb header_3_font=\u00bbRoboto|300|||||||\u00bb header_3_text_align=\u00bbcenter\u00bb header_3_letter_spacing=\u00bb1px\u00bb header_3_line_height=\u00bb1.1em\u00bb header_5_font=\u00bbRoboto|900|||||||\u00bb header_5_text_color=\u00bb#ffffff\u00bb header_5_font_size=\u00bb32px\u00bb header_5_letter_spacing=\u00bb1px\u00bb header_5_line_height=\u00bb1.5em\u00bb header_6_font=\u00bbRoboto|300|||||||\u00bb header_6_font_size=\u00bb20px\u00bb header_6_letter_spacing=\u00bb1px\u00bb header_6_letter_spacing_last_edited=\u00bboff|desktop\u00bb header_6_line_height=\u00bb0.6em\u00bb max_width_last_edited=\u00bboff|desktop\u00bb custom_margin_last_edited=\u00bboff|phone\u00bb saved_tabs=\u00bball\u00bb]<\/p>\n<h2 style=\"text-align: left;\">Estemos en contacto<\/h2>\n<h3 style=\"text-align: left;\">E inf\u00f3rmate primero de las mejores ofertas que har\u00e1n crecer tu negocio<\/h3>\n<p>[\/et_pb_text][\/et_pb_column][et_pb_column type=\u00bb1_2&#8243; _builder_version=\u00bb3.0.47&#8243;][et_pb_contact_form captcha=\u00bboff\u00bb success_message=\u00bbGracias por suscribirte\u00bb submit_button_text=\u00bb Suscribirme\u00bb form_background_color=\u00bb#ea7f19&#8243; module_id=\u00bbet_pb_contact_form_0&#8243; _builder_version=\u00bb3.10.1&#8243; title_font=\u00bbRoboto|300|||||||\u00bb title_text_align=\u00bbcenter\u00bb title_text_color=\u00bb#ffffff\u00bb title_font_size=\u00bb20&#8243; form_field_font=\u00bbRoboto|300|||||||\u00bb form_field_text_align=\u00bbcenter\u00bb form_field_text_color=\u00bb#ffffff\u00bb form_field_font_size=\u00bb20&#8243; form_field_line_height=\u00bb1.5em\u00bb form_field_line_height_last_edited=\u00bbon|phone\u00bb border_radii=\u00bbon|40px|40px|40px|40px\u00bb border_width_all=\u00bb4&#8243; border_color_all=\u00bb#ffffff\u00bb custom_button=\u00bbon\u00bb button_text_size=\u00bb18&#8243; button_text_color=\u00bb#ffffff\u00bb button_bg_color=\u00bb#6FB934&#8243; button_border_width=\u00bb3px\u00bb button_border_color=\u00bb#ffffff\u00bb button_border_radius=\u00bb100px\u00bb button_font=\u00bbRoboto|900|||||||\u00bb button_icon=\u00bb%%516%%\u00bb button_icon_color=\u00bb#ffffff\u00bb text_orientation=\u00bbcenter\u00bb custom_margin_last_edited=\u00bboff|phone\u00bb custom_padding_last_edited=\u00bboff|desktop\u00bb custom_css_contact_button=\u00bbwidth: 200px !important;||height: 50px !important;||margin-top: 7px !important;\u00bb custom_css_contact_fields=\u00bbwidth: 320px !important;||height: 50px !important;\u00bb saved_tabs=\u00bball\u00bb button_text_color_hover=\u00bb#ffffff\u00bb button_bg_color_hover=\u00bb#7cc944&#8243; button_border_color_hover=\u00bb#ffffff\u00bb button_border_radius_hover=\u00bb100px\u00bb button_letter_spacing_hover=\u00bb1px\u00bb][et_pb_contact_field field_id=\u00bbEmail\u00bb field_title=\u00bbIngresa tu mail\u00bb field_type=\u00bbemail\u00bb _builder_version=\u00bb3.16&#8243; form_field_font=\u00bb||||||||\u00bb form_field_text_align=\u00bbleft\u00bb form_field_font_size=\u00bb18px\u00bb form_field_font_size_tablet=\u00bb20px\u00bb form_field_font_size_phone=\u00bb20px\u00bb border_radii=\u00bbon||||\u00bb border_width_all=\u00bb3&#8243; text_orientation=\u00bbleft\u00bb max_width=\u00bb500px\u00bb max_width_tablet=\u00bb50%\u00bb max_width_phone=\u00bb50%\u00bb max_width_last_edited=\u00bboff|desktop\u00bb button_text_size__hover_enabled=\u00bboff\u00bb button_one_text_size__hover_enabled=\u00bboff\u00bb button_two_text_size__hover_enabled=\u00bboff\u00bb button_text_color__hover_enabled=\u00bboff\u00bb button_one_text_color__hover_enabled=\u00bboff\u00bb button_two_text_color__hover_enabled=\u00bboff\u00bb button_border_width__hover_enabled=\u00bboff\u00bb button_one_border_width__hover_enabled=\u00bboff\u00bb button_two_border_width__hover_enabled=\u00bboff\u00bb button_border_color__hover_enabled=\u00bboff\u00bb button_one_border_color__hover_enabled=\u00bboff\u00bb button_two_border_color__hover_enabled=\u00bboff\u00bb button_border_radius__hover_enabled=\u00bboff\u00bb button_one_border_radius__hover_enabled=\u00bboff\u00bb button_two_border_radius__hover_enabled=\u00bboff\u00bb button_letter_spacing__hover_enabled=\u00bboff\u00bb button_one_letter_spacing__hover_enabled=\u00bboff\u00bb button_two_letter_spacing__hover_enabled=\u00bboff\u00bb button_bg_color__hover_enabled=\u00bboff\u00bb button_one_bg_color__hover_enabled=\u00bboff\u00bb button_two_bg_color__hover_enabled=\u00bboff\u00bb][\/et_pb_contact_field][\/et_pb_contact_form][\/et_pb_column][\/et_pb_row][et_pb_row custom_padding=\u00bb30px|5px|50px|5px\u00bb padding_right_2=\u00bb0px\u00bb padding_left_2=\u00bb50px\u00bb disabled_on=\u00bboff|on|on\u00bb _builder_version=\u00bb3.10.1&#8243; background_color=\u00bb#ea7f19&#8243; border_radii=\u00bbon|5px|5px|5px|5px\u00bb module_alignment=\u00bbcenter\u00bb][et_pb_column type=\u00bb4_4&#8243; _builder_version=\u00bb3.0.47&#8243;][et_pb_text _builder_version=\u00bb3.10.1&#8243; text_font=\u00bbRoboto||||||||\u00bb text_line_height_last_edited=\u00bbon|desktop\u00bb header_font=\u00bbRoboto|900|||||||\u00bb header_text_align=\u00bbcenter\u00bb header_text_color=\u00bb#ffffff\u00bb header_font_size=\u00bb35px\u00bb header_font_size_tablet=\u00bb40px\u00bb header_font_size_last_edited=\u00bbon|desktop\u00bb header_letter_spacing=\u00bb2px\u00bb header_line_height=\u00bb1.3em\u00bb header_2_font=\u00bbRoboto|700|||||||\u00bb header_2_text_align=\u00bbcenter\u00bb header_2_font_size=\u00bb34px\u00bb header_2_letter_spacing=\u00bb1px\u00bb header_2_line_height=\u00bb1.1em\u00bb header_3_font=\u00bbRoboto|300|||||||\u00bb header_3_text_align=\u00bbcenter\u00bb header_3_font_size=\u00bb24px\u00bb header_3_letter_spacing=\u00bb1px\u00bb header_3_line_height=\u00bb1.1em\u00bb header_5_font=\u00bbRoboto|900|||||||\u00bb header_5_text_color=\u00bb#ffffff\u00bb header_5_font_size=\u00bb32px\u00bb header_5_letter_spacing=\u00bb1px\u00bb header_5_line_height=\u00bb1.5em\u00bb header_6_font=\u00bbRoboto|300|||||||\u00bb header_6_font_size=\u00bb20px\u00bb header_6_letter_spacing=\u00bb1px\u00bb header_6_letter_spacing_last_edited=\u00bboff|desktop\u00bb header_6_line_height=\u00bb0.6em\u00bb text_orientation=\u00bbcenter\u00bb max_width_last_edited=\u00bboff|desktop\u00bb custom_margin=\u00bb|0px||\u00bb custom_margin_last_edited=\u00bboff|phone\u00bb custom_padding=\u00bb30px|0px||\u00bb custom_padding_last_edited=\u00bboff|desktop\u00bb custom_css_main_element=\u00bbmax-width: 100%;||Margin-top: -4%;\u00bb]<\/p>\n<h2>Estemos en contacto<\/h2>\n<h3>E inf\u00f3rmate primero de las mejores ofertas que har\u00e1n crecer tu negocio<\/h3>\n<p>[\/et_pb_text][et_pb_contact_form captcha=\u00bboff\u00bb success_message=\u00bbGracias por suscribirte\u00bb submit_button_text=\u00bb Suscribirme\u00bb form_background_color=\u00bb#ea7f19&#8243; module_id=\u00bbet_pb_contact_form_1&#8243; _builder_version=\u00bb3.10.1&#8243; title_level=\u00bbh3&#8243; title_font=\u00bbRoboto|300|||||||\u00bb title_text_align=\u00bbcenter\u00bb title_text_color=\u00bb#ffffff\u00bb title_font_size=\u00bb20&#8243; title_line_height_last_edited=\u00bboff|tablet\u00bb form_field_font=\u00bbRoboto|300|||||||\u00bb form_field_text_align=\u00bbcenter\u00bb form_field_text_color=\u00bb#ffffff\u00bb form_field_letter_spacing_last_edited=\u00bboff|phone\u00bb form_field_line_height_last_edited=\u00bboff|tablet\u00bb border_radii=\u00bbon|40px|40px|40px|40px\u00bb border_width_all=\u00bb4&#8243; border_color_all=\u00bb#ffffff\u00bb custom_button=\u00bbon\u00bb button_text_color=\u00bb#ffffff\u00bb button_bg_color=\u00bb#6FB934&#8243; button_border_width=\u00bb3px\u00bb button_border_color=\u00bb#ffffff\u00bb button_border_radius=\u00bb100px\u00bb button_font=\u00bbRoboto|900|||||||\u00bb button_icon=\u00bb%%516%%\u00bb button_icon_color=\u00bb#ffffff\u00bb button_letter_spacing_last_edited=\u00bboff|tablet\u00bb text_orientation=\u00bbcenter\u00bb max_width_tablet=\u00bb93%\u00bb max_width_phone=\u00bb50%\u00bb max_width_last_edited=\u00bboff|phone\u00bb module_alignment=\u00bbcenter\u00bb custom_margin=\u00bb|0px||0px\u00bb custom_margin_last_edited=\u00bboff|desktop\u00bb custom_padding=\u00bb|0px||0px\u00bb custom_padding_last_edited=\u00bboff|desktop\u00bb custom_css_contact_button=\u00bbwidth: 240px !important;||height: 62px !important;||align-content: center !important;\u00bb custom_css_contact_fields=\u00bbwidth: 100% !important;\u00bb button_text_color_hover=\u00bb#ffffff\u00bb button_bg_color_hover=\u00bb#7cc944&#8243; button_border_color_hover=\u00bb#ffffff\u00bb button_letter_spacing_hover=\u00bb1px\u00bb][et_pb_contact_field field_id=\u00bbEmail\u00bb field_title=\u00bbIngresa tu mail\u00bb field_type=\u00bbemail\u00bb _builder_version=\u00bb3.16&#8243; form_field_font=\u00bb||||||||\u00bb form_field_text_align=\u00bbleft\u00bb form_field_font_size=\u00bb20px\u00bb form_field_font_size_tablet=\u00bb20px\u00bb form_field_font_size_phone=\u00bb20px\u00bb border_radii=\u00bbon||||\u00bb border_width_all=\u00bb3&#8243; max_width_tablet=\u00bb100%\u00bb max_width_phone=\u00bb100%\u00bb max_width_last_edited=\u00bboff|desktop\u00bb button_text_size__hover_enabled=\u00bboff\u00bb button_one_text_size__hover_enabled=\u00bboff\u00bb button_two_text_size__hover_enabled=\u00bboff\u00bb button_text_color__hover_enabled=\u00bboff\u00bb button_one_text_color__hover_enabled=\u00bboff\u00bb button_two_text_color__hover_enabled=\u00bboff\u00bb button_border_width__hover_enabled=\u00bboff\u00bb button_one_border_width__hover_enabled=\u00bboff\u00bb button_two_border_width__hover_enabled=\u00bboff\u00bb button_border_color__hover_enabled=\u00bboff\u00bb button_one_border_color__hover_enabled=\u00bboff\u00bb button_two_border_color__hover_enabled=\u00bboff\u00bb button_border_radius__hover_enabled=\u00bboff\u00bb button_one_border_radius__hover_enabled=\u00bboff\u00bb button_two_border_radius__hover_enabled=\u00bboff\u00bb button_letter_spacing__hover_enabled=\u00bboff\u00bb button_one_letter_spacing__hover_enabled=\u00bboff\u00bb button_two_letter_spacing__hover_enabled=\u00bboff\u00bb button_bg_color__hover_enabled=\u00bboff\u00bb button_one_bg_color__hover_enabled=\u00bboff\u00bb button_two_bg_color__hover_enabled=\u00bboff\u00bb][\/et_pb_contact_field][\/et_pb_contact_form][\/et_pb_column][\/et_pb_row][\/et_pb_section]<\/p>\n","protected":false},"excerpt":{"rendered":"<p>[et_pb_section fb_built=\u00bb1&#8243; prev_background_color=\u00bb#000000&#8243; next_background_color=\u00bb#000000&#8243; _builder_version=\u00bb3.10.1&#8243; custom_padding=\u00bb70px|0px|70px|0px|true|false\u00bb][et_pb_row custom_padding=\u00bb9px|0px|14px|0px|false|false\u00bb disabled_on=\u00bboff||\u00bb _builder_version=\u00bb3.10.1&#8243;][et_pb_column type=\u00bb4_4&#8243; _builder_version=\u00bb3.0.47&#8243;][et_pb_text disabled_on=\u00bboff||\u00bb _builder_version=\u00bb3.10.1&#8243; text_font=\u00bbRoboto|700|||||||\u00bb text_text_color=\u00bb#000000&#8243; text_font_size=\u00bb60pt\u00bb header_font=\u00bbRoboto|700|||||||\u00bb header_text_align=\u00bbcenter\u00bb header_text_color=\u00bb#000000&#8243; header_font_size=\u00bb60pt\u00bb header_2_text_color=\u00bb#000000&#8243; text_orientation=\u00bbcenter\u00bb saved_tabs=\u00bball\u00bb] \u00a1\u00a1AQU\u00cd ESTA EL NEGOCIO!! Concurso exclusivo en punto de venta. [\/et_pb_text][et_pb_text disabled_on=\u00bboff||\u00bb _builder_version=\u00bb3.10.1&#8243; text_text_color=\u00bb#000000&#8243; header_text_align=\u00bbleft\u00bb header_text_color=\u00bb#000000&#8243; header_2_text_color=\u00bb#000000&#8243;] 16 DE NOVIEMBRE al 15 de DICIEMBRE\u00b7\u00a0P\u00daBLICO OBJETIVOLAGOS MAYORISTA San Bernardo desarrolla una din\u00e1mica en [&hellip;]<\/p>\n","protected":false},"author":16,"featured_media":0,"parent":0,"menu_order":0,"comment_status":"closed","ping_status":"closed","template":"","meta":{"_et_pb_use_builder":"on","_et_pb_old_content":""},"yoast_head":"<!-- This site is optimized with the Yoast SEO plugin v15.8 - https:\/\/yoast.com\/wordpress\/plugins\/seo\/ -->\n<title>Bases legales Aqu\u00ed est\u00e1 el negocio San Bernardo &bull; Lagos Mayorista<\/title>\n<meta name=\"robots\" content=\"index, follow, max-snippet:-1, max-image-preview:large, max-video-preview:-1\" \/>\n<link rel=\"canonical\" href=\"https:\/\/lagosmayorista.cl\/sitio2018\/bases-legales-aqui-esta-el-negocio-san-bernardo\/\" \/>\n<meta property=\"og:locale\" content=\"es_ES\" \/>\n<meta property=\"og:type\" content=\"article\" \/>\n<meta property=\"og:title\" content=\"Bases legales Aqu\u00ed est\u00e1 el negocio San Bernardo &bull; Lagos Mayorista\" \/>\n<meta property=\"og:description\" content=\"[et_pb_section fb_built=\u00bb1&#8243; prev_background_color=\u00bb#000000&#8243; next_background_color=\u00bb#000000&#8243; _builder_version=\u00bb3.10.1&#8243; custom_padding=\u00bb70px|0px|70px|0px|true|false\u00bb][et_pb_row custom_padding=\u00bb9px|0px|14px|0px|false|false\u00bb disabled_on=\u00bboff||\u00bb _builder_version=\u00bb3.10.1&#8243;][et_pb_column type=\u00bb4_4&#8243; _builder_version=\u00bb3.0.47&#8243;][et_pb_text disabled_on=\u00bboff||\u00bb _builder_version=\u00bb3.10.1&#8243; text_font=\u00bbRoboto|700|||||||\u00bb text_text_color=\u00bb#000000&#8243; text_font_size=\u00bb60pt\u00bb header_font=\u00bbRoboto|700|||||||\u00bb header_text_align=\u00bbcenter\u00bb header_text_color=\u00bb#000000&#8243; header_font_size=\u00bb60pt\u00bb header_2_text_color=\u00bb#000000&#8243; text_orientation=\u00bbcenter\u00bb saved_tabs=\u00bball\u00bb] \u00a1\u00a1AQU\u00cd ESTA EL NEGOCIO!! Concurso exclusivo en punto de venta. [\/et_pb_text][et_pb_text disabled_on=\u00bboff||\u00bb _builder_version=\u00bb3.10.1&#8243; text_text_color=\u00bb#000000&#8243; header_text_align=\u00bbleft\u00bb header_text_color=\u00bb#000000&#8243; header_2_text_color=\u00bb#000000&#8243;] 16 DE NOVIEMBRE al 15 de DICIEMBRE\u00b7\u00a0P\u00daBLICO OBJETIVOLAGOS MAYORISTA San Bernardo desarrolla una din\u00e1mica en [&hellip;]\" \/>\n<meta property=\"og:url\" content=\"https:\/\/lagosmayorista.cl\/sitio2018\/bases-legales-aqui-esta-el-negocio-san-bernardo\/\" \/>\n<meta property=\"og:site_name\" content=\"Lagos Mayorista\" \/>\n<meta property=\"article:modified_time\" content=\"2020-11-16T17:50:56+00:00\" \/>\n<meta name=\"twitter:card\" content=\"summary_large_image\" \/>\n<meta name=\"twitter:label1\" content=\"Tiempo de lectura\">\n\t<meta name=\"twitter:data1\" content=\"11 minutos\">\n<script type=\"application\/ld+json\" class=\"yoast-schema-graph\">{\"@context\":\"https:\/\/schema.org\",\"@graph\":[{\"@type\":\"Organization\",\"@id\":\"https:\/\/lagosmayorista.cl\/sitio2018\/#organization\",\"name\":\"Lagos Mayorista\",\"url\":\"https:\/\/lagosmayorista.cl\/sitio2018\/\",\"sameAs\":[],\"logo\":{\"@type\":\"ImageObject\",\"@id\":\"https:\/\/lagosmayorista.cl\/sitio2018\/#logo\",\"inLanguage\":\"es\",\"url\":\"https:\/\/lagosmayorista.cl\/sitio2018\/wp-content\/uploads\/2018\/11\/logo-lagos-mayorista-min.png\",\"width\":200,\"height\":89,\"caption\":\"Lagos Mayorista\"},\"image\":{\"@id\":\"https:\/\/lagosmayorista.cl\/sitio2018\/#logo\"}},{\"@type\":\"WebSite\",\"@id\":\"https:\/\/lagosmayorista.cl\/sitio2018\/#website\",\"url\":\"https:\/\/lagosmayorista.cl\/sitio2018\/\",\"name\":\"Lagos Mayorista\",\"description\":\"Proveedor Mayorista de productos para el cuidado personal y aseo del hogar\",\"publisher\":{\"@id\":\"https:\/\/lagosmayorista.cl\/sitio2018\/#organization\"},\"potentialAction\":[{\"@type\":\"SearchAction\",\"target\":\"https:\/\/lagosmayorista.cl\/sitio2018\/?s={search_term_string}\",\"query-input\":\"required name=search_term_string\"}],\"inLanguage\":\"es\"},{\"@type\":\"WebPage\",\"@id\":\"https:\/\/lagosmayorista.cl\/sitio2018\/bases-legales-aqui-esta-el-negocio-san-bernardo\/#webpage\",\"url\":\"https:\/\/lagosmayorista.cl\/sitio2018\/bases-legales-aqui-esta-el-negocio-san-bernardo\/\",\"name\":\"Bases legales Aqu\\u00ed est\\u00e1 el negocio San Bernardo &bull; Lagos Mayorista\",\"isPartOf\":{\"@id\":\"https:\/\/lagosmayorista.cl\/sitio2018\/#website\"},\"datePublished\":\"2020-11-16T16:12:29+00:00\",\"dateModified\":\"2020-11-16T17:50:56+00:00\",\"breadcrumb\":{\"@id\":\"https:\/\/lagosmayorista.cl\/sitio2018\/bases-legales-aqui-esta-el-negocio-san-bernardo\/#breadcrumb\"},\"inLanguage\":\"es\",\"potentialAction\":[{\"@type\":\"ReadAction\",\"target\":[\"https:\/\/lagosmayorista.cl\/sitio2018\/bases-legales-aqui-esta-el-negocio-san-bernardo\/\"]}]},{\"@type\":\"BreadcrumbList\",\"@id\":\"https:\/\/lagosmayorista.cl\/sitio2018\/bases-legales-aqui-esta-el-negocio-san-bernardo\/#breadcrumb\",\"itemListElement\":[{\"@type\":\"ListItem\",\"position\":1,\"item\":{\"@type\":\"WebPage\",\"@id\":\"https:\/\/lagosmayorista.cl\/sitio2018\/\",\"url\":\"https:\/\/lagosmayorista.cl\/sitio2018\/\",\"name\":\"Portada\"}},{\"@type\":\"ListItem\",\"position\":2,\"item\":{\"@type\":\"WebPage\",\"@id\":\"https:\/\/lagosmayorista.cl\/sitio2018\/bases-legales-aqui-esta-el-negocio-san-bernardo\/\",\"url\":\"https:\/\/lagosmayorista.cl\/sitio2018\/bases-legales-aqui-esta-el-negocio-san-bernardo\/\",\"name\":\"Bases legales Aqu\\u00ed est\\u00e1 el negocio San Bernardo\"}}]}]}<\/script>\n<!-- \/ Yoast SEO plugin. -->","_links":{"self":[{"href":"https:\/\/lagosmayorista.cl\/sitio2018\/wp-json\/wp\/v2\/pages\/46546"}],"collection":[{"href":"https:\/\/lagosmayorista.cl\/sitio2018\/wp-json\/wp\/v2\/pages"}],"about":[{"href":"https:\/\/lagosmayorista.cl\/sitio2018\/wp-json\/wp\/v2\/types\/page"}],"author":[{"embeddable":true,"href":"https:\/\/lagosmayorista.cl\/sitio2018\/wp-json\/wp\/v2\/users\/16"}],"replies":[{"embeddable":true,"href":"https:\/\/lagosmayorista.cl\/sitio2018\/wp-json\/wp\/v2\/comments?post=46546"}],"version-history":[{"count":4,"href":"https:\/\/lagosmayorista.cl\/sitio2018\/wp-json\/wp\/v2\/pages\/46546\/revisions"}],"predecessor-version":[{"id":46552,"href":"https:\/\/lagosmayorista.cl\/sitio2018\/wp-json\/wp\/v2\/pages\/46546\/revisions\/46552"}],"wp:attachment":[{"href":"https:\/\/lagosmayorista.cl\/sitio2018\/wp-json\/wp\/v2\/media?parent=46546"}],"curies":[{"name":"wp","href":"https:\/\/api.w.org\/{rel}","templated":true}]}}